{"id":41,"date":"2018-01-03T16:18:44","date_gmt":"2018-01-03T15:18:44","guid":{"rendered":"http:\/\/j-lab.fr\/?page_id=41"},"modified":"2018-01-08T16:16:14","modified_gmt":"2018-01-08T15:16:14","slug":"contact","status":"publish","type":"page","link":"https:\/\/j-lab.fr\/?page_id=41","title":{"rendered":"Contact"},"content":{"rendered":"<p>J\u00e9r\u00f4me Labb\u00e9<\/p>\n<p>T\u00e9l: 0647896997<\/p>\n<p>j.labbe@j-lab.fr<\/p>\n","protected":false},"excerpt":{"rendered":"<p>J\u00e9r\u00f4me Labb\u00e9 T\u00e9l: 0647896997 j.labbe@j-lab.fr<\/p>\n","protected":false},"author":1,"featured_media":0,"parent":0,"menu_order":0,"comment_status":"closed","ping_status":"closed","template":"","meta":{"footnotes":""},"jetpack_sharing_enabled":true,"_links":{"self":[{"href":"https:\/\/j-lab.fr\/index.php?rest_route=\/wp\/v2\/pages\/41"}],"collection":[{"href":"https:\/\/j-lab.fr\/index.php?rest_route=\/wp\/v2\/pages"}],"about":[{"href":"https:\/\/j-lab.fr\/index.php?rest_route=\/wp\/v2\/types\/page"}],"author":[{"embeddable":true,"href":"https:\/\/j-lab.fr\/index.php?rest_route=\/wp\/v2\/users\/1"}],"replies":[{"embeddable":true,"href":"https:\/\/j-lab.fr\/index.php?rest_route=%2Fwp%2Fv2%2Fcomments&post=41"}],"version-history":[{"count":3,"href":"https:\/\/j-lab.fr\/index.php?rest_route=\/wp\/v2\/pages\/41\/revisions"}],"predecessor-version":[{"id":80,"href":"https:\/\/j-lab.fr\/index.php?rest_route=\/wp\/v2\/pages\/41\/revisions\/80"}],"wp:attachment":[{"href":"https:\/\/j-lab.fr\/index.php?rest_route=%2Fwp%2Fv2%2Fmedia&parent=41"}],"curies":[{"name":"wp","href":"https:\/\/api.w.org\/{rel}","templated":true}]}}